{"id":3424,"date":"2026-01-14T11:23:10","date_gmt":"2026-01-14T11:23:10","guid":{"rendered":"http:\/\/solitus.si\/personal-data-protection\/"},"modified":"2026-01-14T12:30:51","modified_gmt":"2026-01-14T12:30:51","slug":"personal-data-protection","status":"publish","type":"page","link":"https:\/\/solitus.si\/en\/personal-data-protection\/","title":{"rendered":"Personal data protection"},"content":{"rendered":"<div class=\"fusion-fullwidth fullwidth-box fusion-builder-row-1 fusion-flex-container has-pattern-background has-mask-background nonhundred-percent-fullwidth non-hundred-percent-height-scrolling\" style=\"--awb-border-radius-top-left:0px;--awb-border-radius-top-right:0px;--awb-border-radius-bottom-right:0px;--awb-border-radius-bottom-left:0px;--awb-flex-wrap:wrap;\" ><div class=\"fusion-builder-row fusion-row fusion-flex-align-items-flex-start fusion-flex-content-wrap\" style=\"max-width:1372.8px;margin-left: calc(-4% \/ 2 );margin-right: calc(-4% \/ 2 );\"><div class=\"fusion-layout-column fusion_builder_column fusion-builder-column-0 fusion_builder_column_1_1 1_1 fusion-flex-column\" style=\"--awb-bg-size:cover;--awb-width-large:100%;--awb-margin-top-large:20px;--awb-spacing-right-large:1.92%;--awb-margin-bottom-large:20px;--awb-spacing-left-large:1.92%;--awb-width-medium:100%;--awb-order-medium:0;--awb-spacing-right-medium:1.92%;--awb-spacing-left-medium:1.92%;--awb-width-small:100%;--awb-order-small:0;--awb-spacing-right-small:1.92%;--awb-spacing-left-small:1.92%;\"><div class=\"fusion-column-wrapper fusion-column-has-shadow fusion-flex-justify-content-flex-start fusion-content-layout-column\"><div class=\"fusion-title title fusion-title-1 fusion-sep-none fusion-title-text fusion-title-size-one\" style=\"--awb-text-color:var(--awb-custom_color_1);--awb-font-size:24px;\"><h1 class=\"fusion-title-heading title-heading-left fusion-responsive-typography-calculated\" style=\"margin:0;font-size:1em;--fontSize:24;line-height:var(--awb-typography1-line-height);\">Personal Data Protection (GDPR)<\/h1><\/div><div class=\"fusion-text fusion-text-1\" style=\"--awb-font-size:16px;--awb-text-color:var(--awb-custom_color_5);\"><p>The General Data Protection Regulation (GDPR) is a European regulation that governs the method of collecting, processing, storing, and protecting personal data of individuals and ensures greater transparency and control over their own data.<\/p>\n<\/div><div class=\"fusion-title title fusion-title-2 fusion-sep-none fusion-title-text fusion-title-size-one\" style=\"--awb-text-color:var(--awb-custom_color_1);--awb-font-size:24px;\"><h1 class=\"fusion-title-heading title-heading-left fusion-responsive-typography-calculated\" style=\"margin:0;font-size:1em;--fontSize:24;line-height:var(--awb-typography1-line-height);\">Processing of personal data by CODECO d.o.o.<\/h1><\/div><div class=\"fusion-text fusion-text-2\" style=\"--awb-font-size:16px;--awb-text-color:var(--awb-custom_color_5);\"><p data-start=\"600\" data-end=\"769\">The company <strong data-start=\"609\" data-end=\"662\">CODECO, computer and graphic services, d.o.o.<\/strong> (hereinafter: CODECO) collects and processes personal data of individuals in the course of providing its services.<\/p>\n<p data-start=\"771\" data-end=\"1081\">Personal data means any information relating to an identified or identifiable individual, such as name and surname, address, email address, telephone number, company name, IP address, or other data on the basis of which an individual can be directly or indirectly identified.<\/p>\n<p data-start=\"1083\" data-end=\"1281\">CODECO processes personal data in accordance with the applicable legislation in the field of personal data protection and in accordance with the provisions of the General Data Protection Regulation (GDPR), which has been applied since May 25, 2018. <\/p>\n<\/div><div class=\"fusion-title title fusion-title-3 fusion-sep-none fusion-title-text fusion-title-size-one\" style=\"--awb-text-color:var(--awb-custom_color_1);--awb-font-size:24px;\"><h1 class=\"fusion-title-heading title-heading-left fusion-responsive-typography-calculated\" style=\"margin:0;font-size:1em;--fontSize:24;line-height:var(--awb-typography1-line-height);\">Principles of personal data processing<\/h1><\/div><div class=\"fusion-text fusion-text-3\" style=\"--awb-font-size:16px;--awb-text-color:var(--awb-custom_color_5);\"><p data-start=\"1321\" data-end=\"1373\">When processing personal data, CODECO ensures that:<\/p>\n<ul data-start=\"1375\" data-end=\"1935\">\n<li data-start=\"1375\" data-end=\"1437\">\n<p data-start=\"1377\" data-end=\"1437\">the processing of personal data is lawful, fair, and transparent;<\/p>\n<\/li>\n<li data-start=\"1438\" data-end=\"1530\">\n<p data-start=\"1440\" data-end=\"1530\">personal data is collected and processed exclusively for specified, explicit, and legitimate purposes;<\/p>\n<\/li>\n<li data-start=\"1531\" data-end=\"1627\">\n<p data-start=\"1533\" data-end=\"1627\">the scope of personal data collected is limited to the minimum necessary to achieve the purpose of processing;<\/p>\n<\/li>\n<li data-start=\"1628\" data-end=\"1681\">\n<p data-start=\"1630\" data-end=\"1681\">personal data is accurate and, where necessary, updated;<\/p>\n<\/li>\n<li data-start=\"1682\" data-end=\"1843\">\n<p data-start=\"1684\" data-end=\"1843\">personal data is stored only for as long as is necessary to fulfill the purpose for which it was collected, or in accordance with applicable law;<\/p>\n<\/li>\n<li data-start=\"1844\" data-end=\"1935\">\n<p data-start=\"1846\" data-end=\"1935\">appropriate technical and organizational measures are in place to protect personal data.<\/p>\n<\/li>\n<\/ul>\n<\/div><div class=\"fusion-title title fusion-title-4 fusion-sep-none fusion-title-text fusion-title-size-one\" style=\"--awb-text-color:var(--awb-custom_color_1);--awb-font-size:24px;\"><h1 class=\"fusion-title-heading title-heading-left fusion-responsive-typography-calculated\" style=\"margin:0;font-size:1em;--fontSize:24;line-height:var(--awb-typography1-line-height);\">Rights of individuals<\/h1><\/div><div class=\"fusion-text fusion-text-4\" style=\"--awb-font-size:16px;--awb-text-color:var(--awb-custom_color_5);\"><p data-start=\"1963\" data-end=\"2047\">Individuals to whom the personal data relates have the right to, in accordance with the GDPR:<\/p>\n<ul data-start=\"2049\" data-end=\"2264\">\n<li data-start=\"2049\" data-end=\"2086\">\n<p data-start=\"2051\" data-end=\"2086\">access their personal data,<\/p>\n<\/li>\n<li data-start=\"2087\" data-end=\"2131\">\n<p data-start=\"2089\" data-end=\"2131\">correction or amendment of inaccurate data,<\/p>\n<\/li>\n<li data-start=\"2132\" data-end=\"2179\">\n<p data-start=\"2134\" data-end=\"2179\">deletion of personal data (right to be forgotten),<\/p>\n<\/li>\n<li data-start=\"2180\" data-end=\"2200\">\n<p data-start=\"2182\" data-end=\"2200\">restriction of processing,<\/p>\n<\/li>\n<li data-start=\"2201\" data-end=\"2227\">\n<p data-start=\"2203\" data-end=\"2227\">data portability,<\/p>\n<\/li>\n<li data-start=\"2228\" data-end=\"2264\">\n<p data-start=\"2230\" data-end=\"2264\">objection to the processing of personal data.<\/p>\n<\/li>\n<\/ul>\n<\/div><div class=\"fusion-title title fusion-title-5 fusion-sep-none fusion-title-text fusion-title-size-one\" style=\"--awb-text-color:var(--awb-custom_color_1);--awb-font-size:24px;\"><h1 class=\"fusion-title-heading title-heading-left fusion-responsive-typography-calculated\" style=\"margin:0;font-size:1em;--fontSize:24;line-height:var(--awb-typography1-line-height);\">Contact information of the personal data controller<\/h1><\/div><div class=\"fusion-text fusion-text-5\" style=\"--awb-font-size:16px;--awb-text-color:var(--awb-custom_color_5);\"><p data-start=\"2318\" data-end=\"2413\"><strong data-start=\"2318\" data-end=\"2371\">CODECO, computer and graphic services, d.o.o.<\/strong><br data-start=\"2371\" data-end=\"2374\">Hrastje 37c<br data-start=\"2385\" data-end=\"2388\">2341 Limbu\u0161<br data-start=\"2399\" data-end=\"2402\">Slovenia<\/p>\n<p data-start=\"2415\" data-end=\"2505\">E-mail: <strong data-start=\"2425\" data-end=\"2443\"><a class=\"decorated-link cursor-pointer\" rel=\"noopener\" data-start=\"2427\" data-end=\"2441\">info@codeco.si<\/a><\/strong><br data-start=\"2443\" data-end=\"2446\">Phone: <strong data-start=\"2455\" data-end=\"2470\">041 266 341<\/strong><br data-start=\"2470\" data-end=\"2473\">Website: <strong data-start=\"2488\" data-end=\"2505\"><a class=\"decorated-link\" href=\"http:\/\/solitus.si\" target=\"_new\" rel=\"noopener\" data-start=\"2490\" data-end=\"2503\">www.codeco.si<\/a><\/strong><\/p>\n<p data-start=\"2507\" data-end=\"2671\">For all questions regarding the processing of personal data or to exercise their rights, individuals can contact us via the contact information provided.<\/p>\n<\/div><\/div><\/div><\/div><\/div>\n","protected":false},"excerpt":{"rendered":"","protected":false},"author":1,"featured_media":0,"parent":0,"menu_order":0,"comment_status":"closed","ping_status":"closed","template":"","meta":{"footnotes":""},"class_list":["post-3424","page","type-page","status-publish","hentry"],"yoast_head":"<!-- This site is optimized with the Yoast SEO plugin v26.8 - https:\/\/yoast.com\/product\/yoast-seo-wordpress\/ -->\n<title>Personal data protection | SOLITUS plus s.p.<\/title>\n<meta name=\"robots\" content=\"index, follow, max-snippet:-1, max-image-preview:large, max-video-preview:-1\" \/>\n<link rel=\"canonical\" href=\"https:\/\/solitus.si\/en\/personal-data-protection\/\" \/>\n<meta property=\"og:locale\" content=\"en_US\" \/>\n<meta property=\"og:type\" content=\"article\" \/>\n<meta property=\"og:title\" content=\"Personal data protection | SOLITUS plus s.p.\" \/>\n<meta property=\"og:url\" content=\"https:\/\/solitus.si\/en\/personal-data-protection\/\" \/>\n<meta property=\"og:site_name\" content=\"SOLITUS plus s.p.\" \/>\n<meta property=\"article:modified_time\" content=\"2026-01-14T12:30:51+00:00\" \/>\n<meta property=\"og:image\" content=\"https:\/\/solitus.si\/wp-content\/uploads\/2025\/03\/prikazna.jpg\" \/>\n\t<meta property=\"og:image:width\" content=\"2263\" \/>\n\t<meta property=\"og:image:height\" content=\"1031\" \/>\n\t<meta property=\"og:image:type\" content=\"image\/jpeg\" \/>\n<meta name=\"twitter:card\" content=\"summary_large_image\" \/>\n<meta name=\"twitter:label1\" content=\"Est. reading time\" \/>\n\t<meta name=\"twitter:data1\" content=\"7 minutes\" \/>\n<script type=\"application\/ld+json\" class=\"yoast-schema-graph\">{\"@context\":\"https:\/\/schema.org\",\"@graph\":[{\"@type\":\"WebPage\",\"@id\":\"https:\/\/solitus.si\/en\/personal-data-protection\/\",\"url\":\"https:\/\/solitus.si\/en\/personal-data-protection\/\",\"name\":\"Personal data protection | SOLITUS plus s.p.\",\"isPartOf\":{\"@id\":\"https:\/\/solitus.si\/en\/#website\"},\"datePublished\":\"2026-01-14T11:23:10+00:00\",\"dateModified\":\"2026-01-14T12:30:51+00:00\",\"breadcrumb\":{\"@id\":\"https:\/\/solitus.si\/en\/personal-data-protection\/#breadcrumb\"},\"inLanguage\":\"en-US\",\"potentialAction\":[{\"@type\":\"ReadAction\",\"target\":[\"https:\/\/solitus.si\/en\/personal-data-protection\/\"]}]},{\"@type\":\"BreadcrumbList\",\"@id\":\"https:\/\/solitus.si\/en\/personal-data-protection\/#breadcrumb\",\"itemListElement\":[{\"@type\":\"ListItem\",\"position\":1,\"name\":\"Home\",\"item\":\"https:\/\/solitus.si\/en\/codeco-computer-and-graphic-services\/\"},{\"@type\":\"ListItem\",\"position\":2,\"name\":\"Personal data protection\"}]},{\"@type\":\"WebSite\",\"@id\":\"https:\/\/solitus.si\/en\/#website\",\"url\":\"https:\/\/solitus.si\/en\/\",\"name\":\"SOLITUS plus\",\"description\":\"ra\u010dunalni\u0161ke in grafi\u010dne storitve\",\"potentialAction\":[{\"@type\":\"SearchAction\",\"target\":{\"@type\":\"EntryPoint\",\"urlTemplate\":\"https:\/\/solitus.si\/en\/?s={search_term_string}\"},\"query-input\":{\"@type\":\"PropertyValueSpecification\",\"valueRequired\":true,\"valueName\":\"search_term_string\"}}],\"inLanguage\":\"en-US\"}]}<\/script>\n<!-- \/ Yoast SEO plugin. -->","yoast_head_json":{"title":"Personal data protection | SOLITUS plus s.p.","robots":{"index":"index","follow":"follow","max-snippet":"max-snippet:-1","max-image-preview":"max-image-preview:large","max-video-preview":"max-video-preview:-1"},"canonical":"https:\/\/solitus.si\/en\/personal-data-protection\/","og_locale":"en_US","og_type":"article","og_title":"Personal data protection | SOLITUS plus s.p.","og_url":"https:\/\/solitus.si\/en\/personal-data-protection\/","og_site_name":"SOLITUS plus s.p.","article_modified_time":"2026-01-14T12:30:51+00:00","og_image":[{"width":2263,"height":1031,"url":"https:\/\/solitus.si\/wp-content\/uploads\/2025\/03\/prikazna.jpg","type":"image\/jpeg"}],"twitter_card":"summary_large_image","twitter_misc":{"Est. reading time":"7 minutes"},"schema":{"@context":"https:\/\/schema.org","@graph":[{"@type":"WebPage","@id":"https:\/\/solitus.si\/en\/personal-data-protection\/","url":"https:\/\/solitus.si\/en\/personal-data-protection\/","name":"Personal data protection | SOLITUS plus s.p.","isPartOf":{"@id":"https:\/\/solitus.si\/en\/#website"},"datePublished":"2026-01-14T11:23:10+00:00","dateModified":"2026-01-14T12:30:51+00:00","breadcrumb":{"@id":"https:\/\/solitus.si\/en\/personal-data-protection\/#breadcrumb"},"inLanguage":"en-US","potentialAction":[{"@type":"ReadAction","target":["https:\/\/solitus.si\/en\/personal-data-protection\/"]}]},{"@type":"BreadcrumbList","@id":"https:\/\/solitus.si\/en\/personal-data-protection\/#breadcrumb","itemListElement":[{"@type":"ListItem","position":1,"name":"Home","item":"https:\/\/solitus.si\/en\/codeco-computer-and-graphic-services\/"},{"@type":"ListItem","position":2,"name":"Personal data protection"}]},{"@type":"WebSite","@id":"https:\/\/solitus.si\/en\/#website","url":"https:\/\/solitus.si\/en\/","name":"SOLITUS plus","description":"ra\u010dunalni\u0161ke in grafi\u010dne storitve","potentialAction":[{"@type":"SearchAction","target":{"@type":"EntryPoint","urlTemplate":"https:\/\/solitus.si\/en\/?s={search_term_string}"},"query-input":{"@type":"PropertyValueSpecification","valueRequired":true,"valueName":"search_term_string"}}],"inLanguage":"en-US"}]}},"_links":{"self":[{"href":"https:\/\/solitus.si\/en\/wp-json\/wp\/v2\/pages\/3424","targetHints":{"allow":["GET"]}}],"collection":[{"href":"https:\/\/solitus.si\/en\/wp-json\/wp\/v2\/pages"}],"about":[{"href":"https:\/\/solitus.si\/en\/wp-json\/wp\/v2\/types\/page"}],"author":[{"embeddable":true,"href":"https:\/\/solitus.si\/en\/wp-json\/wp\/v2\/users\/1"}],"replies":[{"embeddable":true,"href":"https:\/\/solitus.si\/en\/wp-json\/wp\/v2\/comments?post=3424"}],"version-history":[{"count":1,"href":"https:\/\/solitus.si\/en\/wp-json\/wp\/v2\/pages\/3424\/revisions"}],"predecessor-version":[{"id":3425,"href":"https:\/\/solitus.si\/en\/wp-json\/wp\/v2\/pages\/3424\/revisions\/3425"}],"wp:attachment":[{"href":"https:\/\/solitus.si\/en\/wp-json\/wp\/v2\/media?parent=3424"}],"curies":[{"name":"wp","href":"https:\/\/api.w.org\/{rel}","templated":true}]}}