{"id":3460,"date":"2026-01-14T11:23:10","date_gmt":"2026-01-14T11:23:10","guid":{"rendered":"http:\/\/solitus.si\/protezione-dei-dati-personali\/"},"modified":"2026-01-14T12:31:37","modified_gmt":"2026-01-14T12:31:37","slug":"protezione-dei-dati-personali","status":"publish","type":"page","link":"https:\/\/solitus.si\/it\/protezione-dei-dati-personali\/","title":{"rendered":"Protezione dei dati personali"},"content":{"rendered":"<div class=\"fusion-fullwidth fullwidth-box fusion-builder-row-1 fusion-flex-container has-pattern-background has-mask-background nonhundred-percent-fullwidth non-hundred-percent-height-scrolling\" style=\"--awb-border-radius-top-left:0px;--awb-border-radius-top-right:0px;--awb-border-radius-bottom-right:0px;--awb-border-radius-bottom-left:0px;--awb-flex-wrap:wrap;\" ><div class=\"fusion-builder-row fusion-row fusion-flex-align-items-flex-start fusion-flex-content-wrap\" style=\"max-width:1372.8px;margin-left: calc(-4% \/ 2 );margin-right: calc(-4% \/ 2 );\"><div class=\"fusion-layout-column fusion_builder_column fusion-builder-column-0 fusion_builder_column_1_1 1_1 fusion-flex-column\" style=\"--awb-bg-size:cover;--awb-width-large:100%;--awb-margin-top-large:20px;--awb-spacing-right-large:1.92%;--awb-margin-bottom-large:20px;--awb-spacing-left-large:1.92%;--awb-width-medium:100%;--awb-order-medium:0;--awb-spacing-right-medium:1.92%;--awb-spacing-left-medium:1.92%;--awb-width-small:100%;--awb-order-small:0;--awb-spacing-right-small:1.92%;--awb-spacing-left-small:1.92%;\"><div class=\"fusion-column-wrapper fusion-column-has-shadow fusion-flex-justify-content-flex-start fusion-content-layout-column\"><div class=\"fusion-title title fusion-title-1 fusion-sep-none fusion-title-text fusion-title-size-one\" style=\"--awb-text-color:var(--awb-custom_color_1);--awb-font-size:24px;\"><h1 class=\"fusion-title-heading title-heading-left fusion-responsive-typography-calculated\" style=\"margin:0;font-size:1em;--fontSize:24;line-height:var(--awb-typography1-line-height);\">Protezione dei dati personali (GDPR)<\/h1><\/div><div class=\"fusion-text fusion-text-1\" style=\"--awb-font-size:16px;--awb-text-color:var(--awb-custom_color_5);\"><p>Il Regolamento generale sulla protezione dei dati (GDPR, General Data Protection Regulation) \u00e8 una normativa europea che disciplina le modalit\u00e0 di raccolta, trattamento, conservazione e protezione dei dati personali degli individui, garantendo maggiore trasparenza e controllo sui propri dati.<\/p>\n<\/div><div class=\"fusion-title title fusion-title-2 fusion-sep-none fusion-title-text fusion-title-size-one\" style=\"--awb-text-color:var(--awb-custom_color_1);--awb-font-size:24px;\"><h1 class=\"fusion-title-heading title-heading-left fusion-responsive-typography-calculated\" style=\"margin:0;font-size:1em;--fontSize:24;line-height:var(--awb-typography1-line-height);\">Trattamento dei dati personali da parte di CODECO d.o.o.<\/h1><\/div><div class=\"fusion-text fusion-text-2\" style=\"--awb-font-size:16px;--awb-text-color:var(--awb-custom_color_5);\"><p data-start=\"600\" data-end=\"769\">La societ\u00e0 <strong data-start=\"609\" data-end=\"662\">CODECO, servizi informatici e grafici, d.o.o.<\/strong> (di seguito: CODECO), nell&#8217;ambito dell&#8217;erogazione dei propri servizi, raccoglie e tratta i dati personali degli individui.<\/p>\n<p data-start=\"771\" data-end=\"1081\">Per dato personale si intende qualsiasi informazione riguardante una persona fisica identificata o identificabile, come ad esempio nome e cognome, indirizzo, indirizzo e-mail, numero di telefono, ragione sociale, indirizzo IP o altri dati in base ai quali una persona pu\u00f2 essere identificata direttamente o indirettamente.<\/p>\n<p data-start=\"1083\" data-end=\"1281\">CODECO tratta i dati personali in conformit\u00e0 con la legislazione vigente in materia di protezione dei dati personali e in conformit\u00e0 con le disposizioni del Regolamento generale sulla protezione dei dati (GDPR), applicabile dal 25 maggio 2018. <\/p>\n<\/div><div class=\"fusion-title title fusion-title-3 fusion-sep-none fusion-title-text fusion-title-size-one\" style=\"--awb-text-color:var(--awb-custom_color_1);--awb-font-size:24px;\"><h1 class=\"fusion-title-heading title-heading-left fusion-responsive-typography-calculated\" style=\"margin:0;font-size:1em;--fontSize:24;line-height:var(--awb-typography1-line-height);\">Principi del trattamento dei dati personali<\/h1><\/div><div class=\"fusion-text fusion-text-3\" style=\"--awb-font-size:16px;--awb-text-color:var(--awb-custom_color_5);\"><p data-start=\"1321\" data-end=\"1373\">Nel trattamento dei dati personali, CODECO garantisce che:<\/p>\n<ul data-start=\"1375\" data-end=\"1935\">\n<li data-start=\"1375\" data-end=\"1437\">\n<p data-start=\"1377\" data-end=\"1437\">il trattamento dei dati personali sia lecito, corretto e trasparente;<\/p>\n<\/li>\n<li data-start=\"1438\" data-end=\"1530\">\n<p data-start=\"1440\" data-end=\"1530\">i dati personali siano raccolti e trattati esclusivamente per scopi specifici, espliciti e legittimi;<\/p>\n<\/li>\n<li data-start=\"1531\" data-end=\"1627\">\n<p data-start=\"1533\" data-end=\"1627\">la quantit\u00e0 di dati personali raccolti sia limitata al minimo necessario per raggiungere lo scopo del trattamento;<\/p>\n<\/li>\n<li data-start=\"1628\" data-end=\"1681\">\n<p data-start=\"1630\" data-end=\"1681\">i dati personali siano accurati e, se necessario, aggiornati;<\/p>\n<\/li>\n<li data-start=\"1682\" data-end=\"1843\">\n<p data-start=\"1684\" data-end=\"1843\">i dati personali siano conservati solo per il tempo necessario al raggiungimento dello scopo per il quale sono stati raccolti, ovvero in conformit\u00e0 con la legislazione vigente;<\/p>\n<\/li>\n<li data-start=\"1844\" data-end=\"1935\">\n<p data-start=\"1846\" data-end=\"1935\">siano adottate adeguate misure tecniche e organizzative per la protezione dei dati personali.<\/p>\n<\/li>\n<\/ul>\n<\/div><div class=\"fusion-title title fusion-title-4 fusion-sep-none fusion-title-text fusion-title-size-one\" style=\"--awb-text-color:var(--awb-custom_color_1);--awb-font-size:24px;\"><h1 class=\"fusion-title-heading title-heading-left fusion-responsive-typography-calculated\" style=\"margin:0;font-size:1em;--fontSize:24;line-height:var(--awb-typography1-line-height);\">Diritti degli interessati<\/h1><\/div><div class=\"fusion-text fusion-text-4\" style=\"--awb-font-size:16px;--awb-text-color:var(--awb-custom_color_5);\"><p data-start=\"1963\" data-end=\"2047\">Gli interessati cui si riferiscono i dati personali hanno, in conformit\u00e0 al GDPR, il diritto di:<\/p>\n<ul data-start=\"2049\" data-end=\"2264\">\n<li data-start=\"2049\" data-end=\"2086\">\n<p data-start=\"2051\" data-end=\"2086\">accedere ai propri dati personali,<\/p>\n<\/li>\n<li data-start=\"2087\" data-end=\"2131\">\n<p data-start=\"2089\" data-end=\"2131\">rettificare o integrare dati inesatti,<\/p>\n<\/li>\n<li data-start=\"2132\" data-end=\"2179\">\n<p data-start=\"2134\" data-end=\"2179\">cancellare i dati personali (diritto all&#8217;oblio),<\/p>\n<\/li>\n<li data-start=\"2180\" data-end=\"2200\">\n<p data-start=\"2182\" data-end=\"2200\">limitare il trattamento,<\/p>\n<\/li>\n<li data-start=\"2201\" data-end=\"2227\">\n<p data-start=\"2203\" data-end=\"2227\">ottenere la portabilit\u00e0 dei dati,<\/p>\n<\/li>\n<li data-start=\"2228\" data-end=\"2264\">\n<p data-start=\"2230\" data-end=\"2264\">opporsi al trattamento dei dati personali.<\/p>\n<\/li>\n<\/ul>\n<\/div><div class=\"fusion-title title fusion-title-5 fusion-sep-none fusion-title-text fusion-title-size-one\" style=\"--awb-text-color:var(--awb-custom_color_1);--awb-font-size:24px;\"><h1 class=\"fusion-title-heading title-heading-left fusion-responsive-typography-calculated\" style=\"margin:0;font-size:1em;--fontSize:24;line-height:var(--awb-typography1-line-height);\">Dati di contatto del titolare del trattamento dei dati personali<\/h1><\/div><div class=\"fusion-text fusion-text-5\" style=\"--awb-font-size:16px;--awb-text-color:var(--awb-custom_color_5);\"><p data-start=\"2318\" data-end=\"2413\"><strong data-start=\"2318\" data-end=\"2371\">CODECO, ra\u010dunalni\u0161ke in grafi\u010dne storitve, d.o.o.<\/strong><br data-start=\"2371\" data-end=\"2374\">Hrastje 37c<br data-start=\"2385\" data-end=\"2388\">2341 Limbu\u0161<br data-start=\"2399\" data-end=\"2402\">Slovenia<\/p>\n<p data-start=\"2415\" data-end=\"2505\">E-mail: <strong data-start=\"2425\" data-end=\"2443\"><a class=\"decorated-link cursor-pointer\" rel=\"noopener\" data-start=\"2427\" data-end=\"2441\">info@codeco.si<\/a><\/strong><br data-start=\"2443\" data-end=\"2446\">Telefono: <strong data-start=\"2455\" data-end=\"2470\">041 266 341<\/strong><br data-start=\"2470\" data-end=\"2473\">Sito web: <strong data-start=\"2488\" data-end=\"2505\"><a class=\"decorated-link\" href=\"http:\/\/solitus.si\" target=\"_new\" rel=\"noopener\" data-start=\"2490\" data-end=\"2503\">www.codeco.si<\/a><\/strong><\/p>\n<p data-start=\"2507\" data-end=\"2671\">Per qualsiasi domanda relativa al trattamento dei dati personali o per esercitare i propri diritti, gli interessati possono contattarci tramite i recapiti indicati.<\/p>\n<\/div><\/div><\/div><\/div><\/div>\n","protected":false},"excerpt":{"rendered":"","protected":false},"author":1,"featured_media":0,"parent":0,"menu_order":0,"comment_status":"closed","ping_status":"closed","template":"","meta":{"footnotes":""},"class_list":["post-3460","page","type-page","status-publish","hentry"],"yoast_head":"<!-- This site is optimized with the Yoast SEO plugin v26.8 - https:\/\/yoast.com\/product\/yoast-seo-wordpress\/ -->\n<title>Protezione dei dati personali | SOLITUS plus s.p.<\/title>\n<meta name=\"robots\" content=\"index, follow, max-snippet:-1, max-image-preview:large, max-video-preview:-1\" \/>\n<link rel=\"canonical\" href=\"https:\/\/solitus.si\/it\/protezione-dei-dati-personali\/\" \/>\n<meta property=\"og:locale\" content=\"it_IT\" \/>\n<meta property=\"og:type\" content=\"article\" \/>\n<meta property=\"og:title\" content=\"Protezione dei dati personali | SOLITUS plus s.p.\" \/>\n<meta property=\"og:url\" content=\"https:\/\/solitus.si\/it\/protezione-dei-dati-personali\/\" \/>\n<meta property=\"og:site_name\" content=\"SOLITUS plus s.p.\" \/>\n<meta property=\"article:modified_time\" content=\"2026-01-14T12:31:37+00:00\" \/>\n<meta property=\"og:image\" content=\"https:\/\/solitus.si\/wp-content\/uploads\/2025\/03\/prikazna.jpg\" \/>\n\t<meta property=\"og:image:width\" content=\"2263\" \/>\n\t<meta property=\"og:image:height\" content=\"1031\" \/>\n\t<meta property=\"og:image:type\" content=\"image\/jpeg\" \/>\n<meta name=\"twitter:card\" content=\"summary_large_image\" \/>\n<meta name=\"twitter:label1\" content=\"Tempo di lettura stimato\" \/>\n\t<meta name=\"twitter:data1\" content=\"7 minuti\" \/>\n<script type=\"application\/ld+json\" class=\"yoast-schema-graph\">{\"@context\":\"https:\/\/schema.org\",\"@graph\":[{\"@type\":\"WebPage\",\"@id\":\"https:\/\/solitus.si\/it\/protezione-dei-dati-personali\/\",\"url\":\"https:\/\/solitus.si\/it\/protezione-dei-dati-personali\/\",\"name\":\"Protezione dei dati personali | SOLITUS plus s.p.\",\"isPartOf\":{\"@id\":\"https:\/\/solitus.si\/it\/#website\"},\"datePublished\":\"2026-01-14T11:23:10+00:00\",\"dateModified\":\"2026-01-14T12:31:37+00:00\",\"breadcrumb\":{\"@id\":\"https:\/\/solitus.si\/it\/protezione-dei-dati-personali\/#breadcrumb\"},\"inLanguage\":\"it-IT\",\"potentialAction\":[{\"@type\":\"ReadAction\",\"target\":[\"https:\/\/solitus.si\/it\/protezione-dei-dati-personali\/\"]}]},{\"@type\":\"BreadcrumbList\",\"@id\":\"https:\/\/solitus.si\/it\/protezione-dei-dati-personali\/#breadcrumb\",\"itemListElement\":[{\"@type\":\"ListItem\",\"position\":1,\"name\":\"Home\",\"item\":\"https:\/\/solitus.si\/it\/codeco-servizi-informatici-e-grafici\/\"},{\"@type\":\"ListItem\",\"position\":2,\"name\":\"Protezione dei dati personali\"}]},{\"@type\":\"WebSite\",\"@id\":\"https:\/\/solitus.si\/it\/#website\",\"url\":\"https:\/\/solitus.si\/it\/\",\"name\":\"SOLITUS plus\",\"description\":\"ra\u010dunalni\u0161ke in grafi\u010dne storitve\",\"potentialAction\":[{\"@type\":\"SearchAction\",\"target\":{\"@type\":\"EntryPoint\",\"urlTemplate\":\"https:\/\/solitus.si\/it\/?s={search_term_string}\"},\"query-input\":{\"@type\":\"PropertyValueSpecification\",\"valueRequired\":true,\"valueName\":\"search_term_string\"}}],\"inLanguage\":\"it-IT\"}]}<\/script>\n<!-- \/ Yoast SEO plugin. -->","yoast_head_json":{"title":"Protezione dei dati personali | SOLITUS plus s.p.","robots":{"index":"index","follow":"follow","max-snippet":"max-snippet:-1","max-image-preview":"max-image-preview:large","max-video-preview":"max-video-preview:-1"},"canonical":"https:\/\/solitus.si\/it\/protezione-dei-dati-personali\/","og_locale":"it_IT","og_type":"article","og_title":"Protezione dei dati personali | SOLITUS plus s.p.","og_url":"https:\/\/solitus.si\/it\/protezione-dei-dati-personali\/","og_site_name":"SOLITUS plus s.p.","article_modified_time":"2026-01-14T12:31:37+00:00","og_image":[{"width":2263,"height":1031,"url":"https:\/\/solitus.si\/wp-content\/uploads\/2025\/03\/prikazna.jpg","type":"image\/jpeg"}],"twitter_card":"summary_large_image","twitter_misc":{"Tempo di lettura stimato":"7 minuti"},"schema":{"@context":"https:\/\/schema.org","@graph":[{"@type":"WebPage","@id":"https:\/\/solitus.si\/it\/protezione-dei-dati-personali\/","url":"https:\/\/solitus.si\/it\/protezione-dei-dati-personali\/","name":"Protezione dei dati personali | SOLITUS plus s.p.","isPartOf":{"@id":"https:\/\/solitus.si\/it\/#website"},"datePublished":"2026-01-14T11:23:10+00:00","dateModified":"2026-01-14T12:31:37+00:00","breadcrumb":{"@id":"https:\/\/solitus.si\/it\/protezione-dei-dati-personali\/#breadcrumb"},"inLanguage":"it-IT","potentialAction":[{"@type":"ReadAction","target":["https:\/\/solitus.si\/it\/protezione-dei-dati-personali\/"]}]},{"@type":"BreadcrumbList","@id":"https:\/\/solitus.si\/it\/protezione-dei-dati-personali\/#breadcrumb","itemListElement":[{"@type":"ListItem","position":1,"name":"Home","item":"https:\/\/solitus.si\/it\/codeco-servizi-informatici-e-grafici\/"},{"@type":"ListItem","position":2,"name":"Protezione dei dati personali"}]},{"@type":"WebSite","@id":"https:\/\/solitus.si\/it\/#website","url":"https:\/\/solitus.si\/it\/","name":"SOLITUS plus","description":"ra\u010dunalni\u0161ke in grafi\u010dne storitve","potentialAction":[{"@type":"SearchAction","target":{"@type":"EntryPoint","urlTemplate":"https:\/\/solitus.si\/it\/?s={search_term_string}"},"query-input":{"@type":"PropertyValueSpecification","valueRequired":true,"valueName":"search_term_string"}}],"inLanguage":"it-IT"}]}},"_links":{"self":[{"href":"https:\/\/solitus.si\/it\/wp-json\/wp\/v2\/pages\/3460","targetHints":{"allow":["GET"]}}],"collection":[{"href":"https:\/\/solitus.si\/it\/wp-json\/wp\/v2\/pages"}],"about":[{"href":"https:\/\/solitus.si\/it\/wp-json\/wp\/v2\/types\/page"}],"author":[{"embeddable":true,"href":"https:\/\/solitus.si\/it\/wp-json\/wp\/v2\/users\/1"}],"replies":[{"embeddable":true,"href":"https:\/\/solitus.si\/it\/wp-json\/wp\/v2\/comments?post=3460"}],"version-history":[{"count":1,"href":"https:\/\/solitus.si\/it\/wp-json\/wp\/v2\/pages\/3460\/revisions"}],"predecessor-version":[{"id":3461,"href":"https:\/\/solitus.si\/it\/wp-json\/wp\/v2\/pages\/3460\/revisions\/3461"}],"wp:attachment":[{"href":"https:\/\/solitus.si\/it\/wp-json\/wp\/v2\/media?parent=3460"}],"curies":[{"name":"wp","href":"https:\/\/api.w.org\/{rel}","templated":true}]}}